{"id":461,"date":"2018-04-19T17:24:56","date_gmt":"2018-04-19T15:24:56","guid":{"rendered":"http:\/\/dev.laclairiereproduction.com\/site\/?page_id=461"},"modified":"2023-09-13T10:56:47","modified_gmt":"2023-09-13T08:56:47","slug":"ligne-editoriale","status":"publish","type":"page","link":"https:\/\/laclairiereproduction.com\/en\/ligne-editoriale\/","title":{"rendered":"EDITORIAL LINE"},"content":{"rendered":"<p>[et_pb_section fb_built=\u00a0\u00bb1&Prime; disabled_on=\u00a0\u00bbon|on|on\u00a0\u00bb admin_label=\u00a0\u00bbSection\u00a0\u00bb _builder_version=\u00a0\u00bb4.7.7&Prime; _module_preset=\u00a0\u00bbdefault\u00a0\u00bb custom_padding=\u00a0\u00bb33px||4px|||\u00a0\u00bb disabled=\u00a0\u00bbon\u00a0\u00bb global_module=\u00a0\u00bb2791&Prime; saved_tabs=\u00a0\u00bball\u00a0\u00bb collapsed=\u00a0\u00bbon\u00a0\u00bb global_colors_info=\u00a0\u00bb{}\u00a0\u00bb][et_pb_row column_structure=\u00a0\u00bb1_5,3_5,1_5&Prime; use_custom_gutter=\u00a0\u00bbon\u00a0\u00bb gutter_width=\u00a0\u00bb2&Prime; _builder_version=\u00a0\u00bb4.16&Prime; _module_preset=\u00a0\u00bbdefault\u00a0\u00bb collapsed=\u00a0\u00bboff\u00a0\u00bb global_colors_info=\u00a0\u00bb{}\u00a0\u00bb][et_pb_column type=\u00a0\u00bb1_5&Prime; _builder_version=\u00a0\u00bb4.16&Prime; _module_preset=\u00a0\u00bbdefault\u00a0\u00bb global_colors_info=\u00a0\u00bb{}\u00a0\u00bb][et_pb_code raw_content_tablet=\u00a0\u00bb<a href=%22https:\/\/laclairiereproduction.com\/%22><img class=%22wp-image-870 alignleft%22 src=%22https:\/\/laclairiereproduction.com\/wp-content\/uploads\/2018\/05\/logov1.gif%22 alt=%22Logo LaClairi\u00e8re Production &#038; LaClairi\u00e8re Production Ouest%22 width=%22120%22 height=%22115%22 \/><\/a>\u00a0\u00bb raw_content_phone=\u00a0\u00bb\u00a0\u00bb raw_content_last_edited=\u00a0\u00bbon|phone\u00a0\u00bb _builder_version=\u00a0\u00bb4.16&Prime; _module_preset=\u00a0\u00bbdefault\u00a0\u00bb global_colors_info=\u00a0\u00bb{}\u00a0\u00bb]<a href=\"https:\/\/laclairiereproduction.com\/\"><img loading=\"lazy\" decoding=\"async\" class=\"wp-image-870 alignleft\" src=\"https:\/\/laclairiereproduction.com\/wp-content\/uploads\/2018\/05\/logov1.gif\" alt=\"Logo LaClairi\u00e8re Production &#038; LaClairi\u00e8re Production Ouest\" width=\"140\" height=\"134\" \/><\/a>[\/et_pb_code][\/et_pb_column][et_pb_column type=\u00a0\u00bb3_5&Prime; _builder_version=\u00a0\u00bb4.16&Prime; _module_preset=\u00a0\u00bbdefault\u00a0\u00bb global_colors_info=\u00a0\u00bb{}\u00a0\u00bb][et_pb_menu menu_id=\u00a0\u00bb260&Prime; _builder_version=\u00a0\u00bb4.16&Prime; _module_preset=\u00a0\u00bbdefault\u00a0\u00bb global_colors_info=\u00a0\u00bb{}\u00a0\u00bb][\/et_pb_menu][\/et_pb_column][et_pb_column type=\u00a0\u00bb1_5&Prime; _builder_version=\u00a0\u00bb4.16&Prime; _module_preset=\u00a0\u00bbdefault\u00a0\u00bb global_colors_info=\u00a0\u00bb{}\u00a0\u00bb][et_pb_button button_url=\u00a0\u00bbhttps:\/\/laclairiereproduction.com\/shop\/\u00a0\u00bb button_text=\u00a0\u00bbBOUTIQUE\u00a0\u00bb _builder_version=\u00a0\u00bb4.16&Prime; _module_preset=\u00a0\u00bbdefault\u00a0\u00bb custom_button=\u00a0\u00bbon\u00a0\u00bb button_text_size=\u00a0\u00bb15px\u00a0\u00bb button_text_color=\u00a0\u00bb#ffffff\u00a0\u00bb button_bg_color=\u00a0\u00bb#DB1503&Prime; button_use_icon=\u00a0\u00bboff\u00a0\u00bb background_layout=\u00a0\u00bbdark\u00a0\u00bb global_colors_info=\u00a0\u00bb{}\u00a0\u00bb][\/et_pb_button][\/et_pb_column][\/et_pb_row][\/et_pb_section][et_pb_section fb_built=\u00a0\u00bb1&Prime; _builder_version=\u00a0\u00bb4.16&Prime; custom_padding=\u00a0\u00bb30px|0px|0px|0px|false|false\u00a0\u00bb global_colors_info=\u00a0\u00bb{}\u00a0\u00bb][et_pb_row _builder_version=\u00a0\u00bb4.16&Prime; background_size=\u00a0\u00bbinitial\u00a0\u00bb background_position=\u00a0\u00bbtop_left\u00a0\u00bb background_repeat=\u00a0\u00bbrepeat\u00a0\u00bb custom_padding=\u00a0\u00bb0|0px|24px|0px|false|false\u00a0\u00bb global_colors_info=\u00a0\u00bb{}\u00a0\u00bb][et_pb_column type=\u00a0\u00bb4_4&Prime; _builder_version=\u00a0\u00bb4.16&Prime; custom_padding=\u00a0\u00bb|||\u00a0\u00bb global_colors_info=\u00a0\u00bb{}\u00a0\u00bb custom_padding__hover=\u00a0\u00bb|||\u00a0\u00bb][et_pb_sidebar area=\u00a0\u00bbsidebar-1&Prime; show_border=\u00a0\u00bboff\u00a0\u00bb disabled_on=\u00a0\u00bbon|on|on\u00a0\u00bb _builder_version=\u00a0\u00bb4.6.1&Prime; body_font=\u00a0\u00bbOpen Sans|||on|||||\u00a0\u00bb body_font_size=\u00a0\u00bb15px\u00a0\u00bb width=\u00a0\u00bb91.5%\u00a0\u00bb custom_margin=\u00a0\u00bb|||\u00a0\u00bb custom_padding=\u00a0\u00bb0px|||\u00a0\u00bb body_font_size_tablet=\u00a0\u00bb\u00a0\u00bb body_font_size_phone=\u00a0\u00bb\u00a0\u00bb body_font_size_last_edited=\u00a0\u00bbon|phone\u00a0\u00bb disabled=\u00a0\u00bbon\u00a0\u00bb global_module=\u00a0\u00bb243&Prime; saved_tabs=\u00a0\u00bball\u00a0\u00bb global_colors_info=\u00a0\u00bb{}\u00a0\u00bb][\/et_pb_sidebar][et_pb_text admin_label=\u00a0\u00bbEDITO (surlignage rouge #DB1503)\u00a0\u00bb _builder_version=\u00a0\u00bb4.16&Prime; text_font=\u00a0\u00bbOpen Sans|800||on|||||\u00a0\u00bb text_text_color=\u00a0\u00bb#ffffff\u00a0\u00bb text_font_size=\u00a0\u00bb18px\u00a0\u00bb custom_margin=\u00a0\u00bb5px|||\u00a0\u00bb custom_padding=\u00a0\u00bb|||\u00a0\u00bb text_font_size_tablet=\u00a0\u00bb17px\u00a0\u00bb text_font_size_phone=\u00a0\u00bb16px\u00a0\u00bb text_font_size_last_edited=\u00a0\u00bbon|tablet\u00a0\u00bb saved_tabs=\u00a0\u00bball\u00a0\u00bb inline_fonts=\u00a0\u00bbAssistant\u00a0\u00bb global_colors_info=\u00a0\u00bb{}\u00a0\u00bb]<span class=\"highlighted\">&nbsp;EDITO&nbsp;<\/span><br \/>\n[\/et_pb_text][et_pb_text admin_label=\u00a0\u00bbLACLAIRI\u00c8RE PRODUCTION (titre)\u00a0\u00bb _builder_version=\u00a0\u00bb4.16&Prime; text_font=\u00a0\u00bbPlutoCond Medium|||on|||||\u00a0\u00bb text_font_size=\u00a0\u00bb42px\u00a0\u00bb header_font=\u00a0\u00bbplutocondensedmedium||||||||\u00a0\u00bb header_font_size=\u00a0\u00bb42px\u00a0\u00bb text_font_size_tablet=\u00a0\u00bb32px\u00a0\u00bb text_font_size_phone=\u00a0\u00bb24px\u00a0\u00bb text_font_size_last_edited=\u00a0\u00bbon|phone\u00a0\u00bb header_font_size_tablet=\u00a0\u00bb32px\u00a0\u00bb header_font_size_phone=\u00a0\u00bb24px\u00a0\u00bb header_font_size_last_edited=\u00a0\u00bbon|phone\u00a0\u00bb global_colors_info=\u00a0\u00bb{}\u00a0\u00bb]<\/p>\n<h1><strong>LACLAIRI\u00c8RE<\/strong> PRODUCTION<\/h1>\n<p>[\/et_pb_text][et_pb_text admin_label=\u00a0\u00bbTiret ROUGE\u00a0\u00bb _builder_version=\u00a0\u00bb4.16&Prime; text_font=\u00a0\u00bb|800||on|||||\u00a0\u00bb text_text_color=\u00a0\u00bb#db1503&Prime; custom_margin=\u00a0\u00bb-28px|||\u00a0\u00bb custom_margin_tablet=\u00a0\u00bb\u00a0\u00bb custom_margin_phone=\u00a0\u00bb\u00a0\u00bb custom_margin_last_edited=\u00a0\u00bbon|desktop\u00a0\u00bb custom_padding=\u00a0\u00bb|||\u00a0\u00bb saved_tabs=\u00a0\u00bball\u00a0\u00bb global_colors_info=\u00a0\u00bb{}\u00a0\u00bb]___<br \/>\n[\/et_pb_text][et_pb_image src=\u00a0\u00bbhttps:\/\/laclairiereproduction.com\/wp-content\/uploads\/2018\/06\/duras-master-image2489.jpg\u00a0\u00bb align_tablet=\u00a0\u00bbcenter\u00a0\u00bb align_phone=\u00a0\u00bb\u00a0\u00bb align_last_edited=\u00a0\u00bbon|desktop\u00a0\u00bb admin_label=\u00a0\u00bbImage 16\/9&Prime; _builder_version=\u00a0\u00bb4.16&Prime; saved_tabs=\u00a0\u00bball\u00a0\u00bb global_colors_info=\u00a0\u00bb{}\u00a0\u00bb][\/et_pb_image][et_pb_divider show_divider=\u00a0\u00bboff\u00a0\u00bb _builder_version=\u00a0\u00bb4.16&Prime; _module_preset=\u00a0\u00bbdefault\u00a0\u00bb global_colors_info=\u00a0\u00bb{}\u00a0\u00bb][\/et_pb_divider][et_pb_text _builder_version=\u00a0\u00bb4.18.1&Prime; text_font=\u00a0\u00bbOpen Sans||||||||\u00a0\u00bb text_text_color=\u00a0\u00bb#000000&Prime; custom_margin=\u00a0\u00bb-10px|||\u00a0\u00bb hover_enabled=\u00a0\u00bb0&Prime; text_font_size_tablet=\u00a0\u00bb15px\u00a0\u00bb text_font_size_phone=\u00a0\u00bb14px\u00a0\u00bb text_font_size_last_edited=\u00a0\u00bbon|phone\u00a0\u00bb saved_tabs=\u00a0\u00bball\u00a0\u00bb inline_fonts=\u00a0\u00bbAssistant\u00a0\u00bb global_colors_info=\u00a0\u00bb{}\u00a0\u00bb sticky_enabled=\u00a0\u00bb0&Prime;]<\/p>\n<p>La clairi\u00e8re est, dans la for\u00eat, un lieu de lumi\u00e8re et de paix o\u00f9 le promeneur fatigu\u00e9 tente de se frayer un chemin dans l\u2019\u00e9paisseur des sous-bois, vient trouver l\u2019apaisement, le recueillement, la chaleur du soleil ou tout simplement un coin de ciel bleu.<\/p>\n<p>LaClairi\u00e8re Production et sa filiale, LaClairi\u00e8re Ouest install\u00e9e \u00e0 Nantes, veulent, dans le monde luxuriant de l\u2019image et des soci\u00e9t\u00e9s de production, offrir le m\u00eame havre aux spectateurs et aux diffuseurs : des films \u00e9clair\u00e9s par la passion de leurs auteurs, la fra\u00eecheur d\u2019un regard renouvel\u00e9 sur le monde et la soci\u00e9t\u00e9.<\/p>\n<p>Quels que soient les contenus sur lesquels nous nous engageons, ce qui nous touche c\u2019est la force d\u2019un sujet et d\u2019un regard.<\/p>\n<p>Nous fonctionnons au coup de c\u0153ur, sans pr\u00eat-\u00e0-penser, sans pr\u00e9jug\u00e9s, car nos parcours diversifi\u00e9s nous ont construits ainsi. Nous tenons en particulier \u00e0 maintenir notre engagement et notre pr\u00e9sence pendant toute la fabrication des projets que nous soutenons.<\/p>\n<p>Ainsi, tandis que LaClairi\u00e8re Ouest se consacre au documentaire sous toutes ses formes, en particulier web, LaClairi\u00e8re Production assume une ligne \u00e9ditoriale plus \u00e9tendue allant de la s\u00e9rie d\u2019animation aux courts m\u00e9trages, en passant par les contenus institutionnels.<\/p>\n<p>Conscients en effet du r\u00f4le primordial des entreprises et associations dans la cit\u00e9, nous leur proposons \u00e9galement nos savoir-faire et notre communaut\u00e9 de talents pour les aider \u00e0 soutenir leurs engagements soci\u00e9taux.<\/p>\n<p>Nous sommes membres de la Plateforme &#8211; P\u00f4le cin\u00e9ma audiovisuel des Pays de la Loire, du SPI &#8211; Syndicat des Producteurs Ind\u00e9pendants et de l&rsquo;association LFA &#8211; Les Femmes s&rsquo;animent.<\/p>\n<p>[\/et_pb_text][et_pb_divider show_divider=\u00a0\u00bboff\u00a0\u00bb _builder_version=\u00a0\u00bb4.16&Prime; _module_preset=\u00a0\u00bbdefault\u00a0\u00bb global_colors_info=\u00a0\u00bb{}\u00a0\u00bb][\/et_pb_divider][\/et_pb_column][\/et_pb_row][\/et_pb_section]<\/p>\n","protected":false},"excerpt":{"rendered":"<p>Qu\u2019il s\u2019agisse de fictions, documentaires, webdocumentaires ou de films institutionnels, ce qui nous touche c\u2019est la force d\u2019un sujet et d\u2019un regard.<\/p>","protected":false},"author":1,"featured_media":0,"parent":0,"menu_order":0,"comment_status":"closed","ping_status":"closed","template":"","meta":{"_et_pb_use_builder":"on","_et_pb_old_content":"","_et_gb_content_width":"","footnotes":""},"class_list":["post-461","page","type-page","status-publish","hentry"],"yoast_head":"<!-- This site is optimized with the Yoast SEO plugin v27.3 - https:\/\/yoast.com\/product\/yoast-seo-wordpress\/ -->\n<title>LIGNE \u00c9DITORIALE - LaClairi\u00e8re Production<\/title>\n<meta name=\"description\" content=\"Qu\u2019il s\u2019agisse de fictions, documentaires, webdocumentaires ou de films institutionnels, ce qui nous touche c\u2019est la force d\u2019un sujet et d\u2019un regard.\" \/>\n<meta name=\"robots\" content=\"index, follow, max-snippet:-1, max-image-preview:large, max-video-preview:-1\" \/>\n<link rel=\"canonical\" href=\"https:\/\/laclairiereproduction.com\/en\/ligne-editoriale\/\" \/>\n<meta property=\"og:locale\" content=\"en_US\" \/>\n<meta property=\"og:type\" content=\"article\" \/>\n<meta property=\"og:title\" content=\"LIGNE \u00c9DITORIALE - LaClairi\u00e8re Production\" \/>\n<meta property=\"og:description\" content=\"Qu\u2019il s\u2019agisse de fictions, documentaires, webdocumentaires ou de films institutionnels, ce qui nous touche c\u2019est la force d\u2019un sujet et d\u2019un regard.\" \/>\n<meta property=\"og:url\" content=\"https:\/\/laclairiereproduction.com\/en\/ligne-editoriale\/\" \/>\n<meta property=\"og:site_name\" content=\"LaClairi\u00e8re Production\" \/>\n<meta property=\"article:publisher\" content=\"https:\/\/www.facebook.com\/laclairiereproduction\/\" \/>\n<meta property=\"article:modified_time\" content=\"2023-09-13T08:56:47+00:00\" \/>\n<meta property=\"og:image\" content=\"https:\/\/laclairiereproduction.com\/wp-content\/uploads\/2018\/05\/logov1.gif\" \/>\n<meta name=\"twitter:card\" content=\"summary_large_image\" \/>\n<meta name=\"twitter:site\" content=\"@LaClairiereProd\" \/>\n<meta name=\"twitter:label1\" content=\"Est. reading time\" \/>\n\t<meta name=\"twitter:data1\" content=\"3 minutes\" \/>\n<script type=\"application\/ld+json\" class=\"yoast-schema-graph\">{\"@context\":\"https:\\\/\\\/schema.org\",\"@graph\":[{\"@type\":\"WebPage\",\"@id\":\"https:\\\/\\\/laclairiereproduction.com\\\/ligne-editoriale\\\/\",\"url\":\"https:\\\/\\\/laclairiereproduction.com\\\/ligne-editoriale\\\/\",\"name\":\"LIGNE \u00c9DITORIALE - LaClairi\u00e8re Production\",\"isPartOf\":{\"@id\":\"https:\\\/\\\/laclairiereproduction.com\\\/#website\"},\"primaryImageOfPage\":{\"@id\":\"https:\\\/\\\/laclairiereproduction.com\\\/ligne-editoriale\\\/#primaryimage\"},\"image\":{\"@id\":\"https:\\\/\\\/laclairiereproduction.com\\\/ligne-editoriale\\\/#primaryimage\"},\"thumbnailUrl\":\"https:\\\/\\\/laclairiereproduction.com\\\/wp-content\\\/uploads\\\/2018\\\/05\\\/logov1.gif\",\"datePublished\":\"2018-04-19T15:24:56+00:00\",\"dateModified\":\"2023-09-13T08:56:47+00:00\",\"description\":\"Qu\u2019il s\u2019agisse de fictions, documentaires, webdocumentaires ou de films institutionnels, ce qui nous touche c\u2019est la force d\u2019un sujet et d\u2019un regard.\",\"breadcrumb\":{\"@id\":\"https:\\\/\\\/laclairiereproduction.com\\\/ligne-editoriale\\\/#breadcrumb\"},\"inLanguage\":\"en-US\",\"potentialAction\":[{\"@type\":\"ReadAction\",\"target\":[\"https:\\\/\\\/laclairiereproduction.com\\\/ligne-editoriale\\\/\"]}]},{\"@type\":\"ImageObject\",\"inLanguage\":\"en-US\",\"@id\":\"https:\\\/\\\/laclairiereproduction.com\\\/ligne-editoriale\\\/#primaryimage\",\"url\":\"https:\\\/\\\/laclairiereproduction.com\\\/wp-content\\\/uploads\\\/2018\\\/05\\\/logov1.gif\",\"contentUrl\":\"https:\\\/\\\/laclairiereproduction.com\\\/wp-content\\\/uploads\\\/2018\\\/05\\\/logov1.gif\"},{\"@type\":\"BreadcrumbList\",\"@id\":\"https:\\\/\\\/laclairiereproduction.com\\\/ligne-editoriale\\\/#breadcrumb\",\"itemListElement\":[{\"@type\":\"ListItem\",\"position\":1,\"name\":\"Accueil\",\"item\":\"https:\\\/\\\/laclairiereproduction.com\\\/\"},{\"@type\":\"ListItem\",\"position\":2,\"name\":\"LIGNE \u00c9DITORIALE\"}]},{\"@type\":\"WebSite\",\"@id\":\"https:\\\/\\\/laclairiereproduction.com\\\/#website\",\"url\":\"https:\\\/\\\/laclairiereproduction.com\\\/\",\"name\":\"LaClairi\u00e8re Production\",\"description\":\"\",\"publisher\":{\"@id\":\"https:\\\/\\\/laclairiereproduction.com\\\/#organization\"},\"potentialAction\":[{\"@type\":\"SearchAction\",\"target\":{\"@type\":\"EntryPoint\",\"urlTemplate\":\"https:\\\/\\\/laclairiereproduction.com\\\/?s={search_term_string}\"},\"query-input\":{\"@type\":\"PropertyValueSpecification\",\"valueRequired\":true,\"valueName\":\"search_term_string\"}}],\"inLanguage\":\"en-US\"},{\"@type\":\"Organization\",\"@id\":\"https:\\\/\\\/laclairiereproduction.com\\\/#organization\",\"name\":\"LaClairi\u00e8re Production\",\"url\":\"https:\\\/\\\/laclairiereproduction.com\\\/\",\"logo\":{\"@type\":\"ImageObject\",\"inLanguage\":\"en-US\",\"@id\":\"https:\\\/\\\/laclairiereproduction.com\\\/#\\\/schema\\\/logo\\\/image\\\/\",\"url\":\"https:\\\/\\\/laclairiereproduction.com\\\/wp-content\\\/uploads\\\/2018\\\/05\\\/logov1.gif\",\"contentUrl\":\"https:\\\/\\\/laclairiereproduction.com\\\/wp-content\\\/uploads\\\/2018\\\/05\\\/logov1.gif\",\"width\":220,\"height\":211,\"caption\":\"LaClairi\u00e8re Production\"},\"image\":{\"@id\":\"https:\\\/\\\/laclairiereproduction.com\\\/#\\\/schema\\\/logo\\\/image\\\/\"},\"sameAs\":[\"https:\\\/\\\/www.facebook.com\\\/laclairiereproduction\\\/\",\"https:\\\/\\\/x.com\\\/LaClairiereProd\"]}]}<\/script>\n<!-- \/ Yoast SEO plugin. -->","yoast_head_json":{"title":"LIGNE \u00c9DITORIALE - LaClairi\u00e8re Production","description":"Qu\u2019il s\u2019agisse de fictions, documentaires, webdocumentaires ou de films institutionnels, ce qui nous touche c\u2019est la force d\u2019un sujet et d\u2019un regard.","robots":{"index":"index","follow":"follow","max-snippet":"max-snippet:-1","max-image-preview":"max-image-preview:large","max-video-preview":"max-video-preview:-1"},"canonical":"https:\/\/laclairiereproduction.com\/en\/ligne-editoriale\/","og_locale":"en_US","og_type":"article","og_title":"LIGNE \u00c9DITORIALE - LaClairi\u00e8re Production","og_description":"Qu\u2019il s\u2019agisse de fictions, documentaires, webdocumentaires ou de films institutionnels, ce qui nous touche c\u2019est la force d\u2019un sujet et d\u2019un regard.","og_url":"https:\/\/laclairiereproduction.com\/en\/ligne-editoriale\/","og_site_name":"LaClairi\u00e8re Production","article_publisher":"https:\/\/www.facebook.com\/laclairiereproduction\/","article_modified_time":"2023-09-13T08:56:47+00:00","og_image":[{"url":"https:\/\/laclairiereproduction.com\/wp-content\/uploads\/2018\/05\/logov1.gif","type":"","width":"","height":""}],"twitter_card":"summary_large_image","twitter_site":"@LaClairiereProd","twitter_misc":{"Est. reading time":"3 minutes"},"schema":{"@context":"https:\/\/schema.org","@graph":[{"@type":"WebPage","@id":"https:\/\/laclairiereproduction.com\/ligne-editoriale\/","url":"https:\/\/laclairiereproduction.com\/ligne-editoriale\/","name":"LIGNE \u00c9DITORIALE - LaClairi\u00e8re Production","isPartOf":{"@id":"https:\/\/laclairiereproduction.com\/#website"},"primaryImageOfPage":{"@id":"https:\/\/laclairiereproduction.com\/ligne-editoriale\/#primaryimage"},"image":{"@id":"https:\/\/laclairiereproduction.com\/ligne-editoriale\/#primaryimage"},"thumbnailUrl":"https:\/\/laclairiereproduction.com\/wp-content\/uploads\/2018\/05\/logov1.gif","datePublished":"2018-04-19T15:24:56+00:00","dateModified":"2023-09-13T08:56:47+00:00","description":"Qu\u2019il s\u2019agisse de fictions, documentaires, webdocumentaires ou de films institutionnels, ce qui nous touche c\u2019est la force d\u2019un sujet et d\u2019un regard.","breadcrumb":{"@id":"https:\/\/laclairiereproduction.com\/ligne-editoriale\/#breadcrumb"},"inLanguage":"en-US","potentialAction":[{"@type":"ReadAction","target":["https:\/\/laclairiereproduction.com\/ligne-editoriale\/"]}]},{"@type":"ImageObject","inLanguage":"en-US","@id":"https:\/\/laclairiereproduction.com\/ligne-editoriale\/#primaryimage","url":"https:\/\/laclairiereproduction.com\/wp-content\/uploads\/2018\/05\/logov1.gif","contentUrl":"https:\/\/laclairiereproduction.com\/wp-content\/uploads\/2018\/05\/logov1.gif"},{"@type":"BreadcrumbList","@id":"https:\/\/laclairiereproduction.com\/ligne-editoriale\/#breadcrumb","itemListElement":[{"@type":"ListItem","position":1,"name":"Accueil","item":"https:\/\/laclairiereproduction.com\/"},{"@type":"ListItem","position":2,"name":"LIGNE \u00c9DITORIALE"}]},{"@type":"WebSite","@id":"https:\/\/laclairiereproduction.com\/#website","url":"https:\/\/laclairiereproduction.com\/","name":"LaClairi\u00e8re Production","description":"","publisher":{"@id":"https:\/\/laclairiereproduction.com\/#organization"},"potentialAction":[{"@type":"SearchAction","target":{"@type":"EntryPoint","urlTemplate":"https:\/\/laclairiereproduction.com\/?s={search_term_string}"},"query-input":{"@type":"PropertyValueSpecification","valueRequired":true,"valueName":"search_term_string"}}],"inLanguage":"en-US"},{"@type":"Organization","@id":"https:\/\/laclairiereproduction.com\/#organization","name":"LaClairi\u00e8re Production","url":"https:\/\/laclairiereproduction.com\/","logo":{"@type":"ImageObject","inLanguage":"en-US","@id":"https:\/\/laclairiereproduction.com\/#\/schema\/logo\/image\/","url":"https:\/\/laclairiereproduction.com\/wp-content\/uploads\/2018\/05\/logov1.gif","contentUrl":"https:\/\/laclairiereproduction.com\/wp-content\/uploads\/2018\/05\/logov1.gif","width":220,"height":211,"caption":"LaClairi\u00e8re Production"},"image":{"@id":"https:\/\/laclairiereproduction.com\/#\/schema\/logo\/image\/"},"sameAs":["https:\/\/www.facebook.com\/laclairiereproduction\/","https:\/\/x.com\/LaClairiereProd"]}]}},"_links":{"self":[{"href":"https:\/\/laclairiereproduction.com\/en\/wp-json\/wp\/v2\/pages\/461","targetHints":{"allow":["GET"]}}],"collection":[{"href":"https:\/\/laclairiereproduction.com\/en\/wp-json\/wp\/v2\/pages"}],"about":[{"href":"https:\/\/laclairiereproduction.com\/en\/wp-json\/wp\/v2\/types\/page"}],"author":[{"embeddable":true,"href":"https:\/\/laclairiereproduction.com\/en\/wp-json\/wp\/v2\/users\/1"}],"replies":[{"embeddable":true,"href":"https:\/\/laclairiereproduction.com\/en\/wp-json\/wp\/v2\/comments?post=461"}],"version-history":[{"count":3,"href":"https:\/\/laclairiereproduction.com\/en\/wp-json\/wp\/v2\/pages\/461\/revisions"}],"predecessor-version":[{"id":4460,"href":"https:\/\/laclairiereproduction.com\/en\/wp-json\/wp\/v2\/pages\/461\/revisions\/4460"}],"wp:attachment":[{"href":"https:\/\/laclairiereproduction.com\/en\/wp-json\/wp\/v2\/media?parent=461"}],"curies":[{"name":"wp","href":"https:\/\/api.w.org\/{rel}","templated":true}]}}